{"id":1218,"date":"2023-04-13T13:18:38","date_gmt":"2023-04-13T13:18:38","guid":{"rendered":"https:\/\/www-qua.iseg.ulisboa.pt\/biblioteca\/?page_id=1218"},"modified":"2023-10-25T14:17:24","modified_gmt":"2023-10-25T14:17:24","slug":"emprestimo-interbibliotecas-eib","status":"publish","type":"page","link":"https:\/\/www-qua.iseg.ulisboa.pt\/biblioteca\/informacoes\/emprestimo-interbibliotecas-eib\/","title":{"rendered":"Empr\u00e9stimo Interbibliotecas (EIB)"},"content":{"rendered":"\n<p>O Empr\u00e9stimo Interbibliotecas (EIB) consiste no fornecimento de obras, n\u00e3o existentes no fundo da biblioteca, provenientes de outras institui\u00e7\u00f5es, por solicita\u00e7\u00e3o dos leitores.<\/p>\n\n\n\n<p>A requisi\u00e7\u00e3o e o empr\u00e9stimo e a devolu\u00e7\u00e3o das obras ao abrigo do EIB \u00e9 efetuado no piso 1.<\/p>\n\n\n\n<p>O EIB pode ter&nbsp;&nbsp;custos associados.<\/p>\n\n\n\n<h5 class=\"wp-block-heading\"><a rel=\"noreferrer noopener\" href=\"https:\/\/docs.google.com\/forms\/d\/1UOWd2njcB3tsW0bq1qYCPDoBkEt2OoAscHM6XtJHu9c\/\" target=\"_blank\"><strong>Formul\u00e1rio (EIB)<\/strong><\/a><\/h5>\n\n\n\n<p><\/p>\n\n\n\n<figure class=\"wp-block-table\"><table><tbody><tr><td><strong>Tabela de Pre\u00e7os<\/strong><\/td><td><\/td><\/tr><tr><td>Empr\u00e9stimo Interbibliotecas<br>(Gratuito para institui\u00e7\u00f5es com protocolo)<\/td><td>25,00 \u20ac<\/td><\/tr><\/tbody><\/table><\/figure>\n","protected":false},"excerpt":{"rendered":"O Empr\u00e9stimo Interbibliotecas (EIB) consiste no fornecimento de obras, n\u00e3o existentes no fundo da biblioteca, provenientes de outras institui\u00e7\u00f5es, por solicita\u00e7\u00e3o dos leitores. A requisi\u00e7\u00e3o e o empr\u00e9stimo e a&nbsp;[&#8230;]","protected":false},"author":37,"featured_media":0,"parent":83,"menu_order":1,"comment_status":"closed","ping_status":"closed","template":"","meta":{"inline_featured_image":false,"_uag_custom_page_level_css":"","footnotes":""},"acf":[],"uagb_featured_image_src":{"full":false,"thumbnail":false,"medium":false,"medium_large":false,"large":false,"1536x1536":false,"2048x2048":false,"trp-custom-language-flag":false},"uagb_author_info":{"display_name":"","author_link":"https:\/\/www-qua.iseg.ulisboa.pt\/biblioteca\/author\/"},"uagb_comment_info":0,"uagb_excerpt":"O Empr\u00e9stimo Interbibliotecas (EIB) consiste no fornecimento de obras, n\u00e3o existentes no fundo da biblioteca, provenientes de outras institui\u00e7\u00f5es, por solicita\u00e7\u00e3o dos leitores. A requisi\u00e7\u00e3o e o empr\u00e9stimo e a&nbsp;[...]","_links":{"self":[{"href":"https:\/\/www-qua.iseg.ulisboa.pt\/biblioteca\/wp-json\/wp\/v2\/pages\/1218"}],"collection":[{"href":"https:\/\/www-qua.iseg.ulisboa.pt\/biblioteca\/wp-json\/wp\/v2\/pages"}],"about":[{"href":"https:\/\/www-qua.iseg.ulisboa.pt\/biblioteca\/wp-json\/wp\/v2\/types\/page"}],"author":[{"embeddable":true,"href":"https:\/\/www-qua.iseg.ulisboa.pt\/biblioteca\/wp-json\/wp\/v2\/users\/37"}],"replies":[{"embeddable":true,"href":"https:\/\/www-qua.iseg.ulisboa.pt\/biblioteca\/wp-json\/wp\/v2\/comments?post=1218"}],"version-history":[{"count":4,"href":"https:\/\/www-qua.iseg.ulisboa.pt\/biblioteca\/wp-json\/wp\/v2\/pages\/1218\/revisions"}],"predecessor-version":[{"id":1335,"href":"https:\/\/www-qua.iseg.ulisboa.pt\/biblioteca\/wp-json\/wp\/v2\/pages\/1218\/revisions\/1335"}],"up":[{"embeddable":true,"href":"https:\/\/www-qua.iseg.ulisboa.pt\/biblioteca\/wp-json\/wp\/v2\/pages\/83"}],"wp:attachment":[{"href":"https:\/\/www-qua.iseg.ulisboa.pt\/biblioteca\/wp-json\/wp\/v2\/media?parent=1218"}],"curies":[{"name":"wp","href":"https:\/\/api.w.org\/{rel}","templated":true}]}}