{"id":43,"date":"2023-03-28T19:05:15","date_gmt":"2023-03-28T19:05:15","guid":{"rendered":"https:\/\/www-qua.iseg.ulisboa.pt\/careers\/?page_id=43"},"modified":"2025-10-06T13:48:16","modified_gmt":"2025-10-06T13:48:16","slug":"home","status":"publish","type":"page","link":"https:\/\/www-qua.iseg.ulisboa.pt\/careers\/","title":{"rendered":"Home"},"content":{"rendered":"\n<section class=\"block-hero-full-width course-hero wf-section\">\n        <div class=\"course-hero__name\">\n            <h1 class=\"course-hero__heading has-iseg-white-color\"><span class=\"course-hero__heading-span\">Pronto para o pr\u00f3ximo passo na carreira?<\/span><\/h1>\n    <\/div>\n            <div class=\"course-hero__backdrop has-iseg-dark-grey-background\"><\/div>\n    \n    <div class=\"course-hero__image\">\n    <img decoding=\"async\" src=\"https:\/\/www-qua.iseg.ulisboa.pt\/careers\/wp-content\/uploads\/sites\/19\/2025\/10\/53007464492_c674c45f7c_o-1.jpg\" class=\"image-cover\" alt=\"\" srcset=\"https:\/\/www-qua.iseg.ulisboa.pt\/careers\/wp-content\/uploads\/sites\/19\/2025\/10\/53007464492_c674c45f7c_o-1.jpg 6117w, https:\/\/www-qua.iseg.ulisboa.pt\/careers\/wp-content\/uploads\/sites\/19\/2025\/10\/53007464492_c674c45f7c_o-1-300x200.jpg 300w, https:\/\/www-qua.iseg.ulisboa.pt\/careers\/wp-content\/uploads\/sites\/19\/2025\/10\/53007464492_c674c45f7c_o-1-1536x1024.jpg 1536w, https:\/\/www-qua.iseg.ulisboa.pt\/careers\/wp-content\/uploads\/sites\/19\/2025\/10\/53007464492_c674c45f7c_o-1-2048x1365.jpg 2048w, https:\/\/www-qua.iseg.ulisboa.pt\/careers\/wp-content\/uploads\/sites\/19\/2025\/10\/53007464492_c674c45f7c_o-1-18x12.jpg 18w\" sizes=\"(max-width: 6117px) 100vw, 6117px\" \/>    <\/div>\n<\/section>\n\n<div class=\"block-key-numbers\">\n\t<div class=\"container\">\n\n\t\t<div class=\"block-key-numbers-list has-4-columns\">\n\t\t\t\t\t\t\t<div class=\"key-number-card one\">\n\t\t\t\t\t<div class=\"key-number-card-number\">#1<\/div>\n\t\t\t\t\t<div class=\"key-numbers-card-byline\">Parte da Universidade de Lisboa &#8211; a universidade n\u00famero 1 em Portugal.<\/div>\n\t\t\t\t<\/div>\n\t\t\t\t\t\t\t<div class=\"key-number-card two\">\n\t\t\t\t\t<div class=\"key-number-card-number\">25%<\/div>\n\t\t\t\t\t<div class=\"key-numbers-card-byline\">Alunos Internacionais de mais de 70 pa\u00edses<\/div>\n\t\t\t\t<\/div>\n\t\t\t\t\t\t\t<div class=\"key-number-card three\">\n\t\t\t\t\t<div class=\"key-number-card-number\">49<\/div>\n\t\t\t\t\t<div class=\"key-numbers-card-byline\">Programas (11 Licenciaturas, 25 Mestrados e 13 Doutoramentos)<\/div>\n\t\t\t\t<\/div>\n\t\t\t\t\t\t\t<div class=\"key-number-card four\">\n\t\t\t\t\t<div class=\"key-number-card-number\">96%<\/div>\n\t\t\t\t\t<div class=\"key-numbers-card-byline\">Taxa de empregabilidade m\u00e9dia<\/div>\n\t\t\t\t<\/div>\n\t\t\t\t\t\t\n\t\t<\/div>\n\n\t<\/div>\n<\/div>\n\n\n<!-- Media\/text -->\n<div class=\"block-media-text-inverted\">\n\t<div class=\"container\">\n\t\t<div class=\"block-media-text-inverted__container\">\n\t\t\t<img decoding=\"async\" src=\"https:\/\/www-qua.iseg.ulisboa.pt\/careers\/wp-content\/themes\/iseg\/assets\/images\/red-shape-inverted.svg\" loading=\"lazy\" alt=\"shape\" class=\"block-media-text-inverted__red-shape\" \/>\n\t\t\t<figure class=\"block-media-text-inverted__media\">\n\t\t\t\t<div class=\"media-text-anim-left-layer\"><\/div>\n\t\t\t\t<div class=\"media-text-anim-right-layer\"><\/div>\n\t\t\t\t<img decoding=\"async\" src=\"https:\/\/www-qua.iseg.ulisboa.pt\/careers\/wp-content\/uploads\/sites\/19\/2023\/03\/hero-students-1.jpeg\" class=\"image-cover\" alt=\"\" srcset=\"https:\/\/www-qua.iseg.ulisboa.pt\/careers\/wp-content\/uploads\/sites\/19\/2023\/03\/hero-students-1.jpeg 1600w, https:\/\/www-qua.iseg.ulisboa.pt\/careers\/wp-content\/uploads\/sites\/19\/2023\/03\/hero-students-1-300x150.jpeg 300w, https:\/\/www-qua.iseg.ulisboa.pt\/careers\/wp-content\/uploads\/sites\/19\/2023\/03\/hero-students-1-1536x768.jpeg 1536w\" sizes=\"(max-width: 1600px) 100vw, 1600px\" \/>\t\t\t<\/figure>\n\t\t\t<div class=\"block-media-text-inverted__content\">\n\t\t\t\t<h2 class=\"block-media-text-inverted__heading\">Para Estudantes<\/h2>\n\t\t\t\t<p class=\"block-media-text__paragraph\">Quando te juntas ao ISEG tens acesso a um conjunto de recursos, incluindo aconselhamento de carreira, oportunidades de emprego, ferramentas de carreira e eventos. <\/p>\n\t\t\t\t\t\t\t\t\t<a href=\"https:\/\/www-qua.iseg.ulisboa.pt\/careers\/estudantes\/\" class=\"link-learnmore\" title=\"Saber mais\" target=\"_self\">\n\t\t\t\t\t\tSaber mais\t\t\t\t\t<\/a>\n\t\t\t\t\t\t\t<\/div>\n\t\t<\/div>\n\t<\/div>\n<\/div>\n\n\n\n<!-- Media\/text -->\n<div class=\"block-media-text\">\n\t<div class=\"container\">\n\t\t<div class=\"block-media-text__container\">\n\t\t\t<img decoding=\"async\" src=\"https:\/\/www-qua.iseg.ulisboa.pt\/careers\/wp-content\/themes\/iseg\/assets\/images\/red-shape.svg\" loading=\"lazy\" alt=\"shape\" class=\"block-media-text__red-shape\" \/>\n\t\t\t<figure class=\"block-media-text__media\">\n\t\t\t\t<div class=\"media-text-anim-left-layer\"><\/div>\n\t\t\t\t<div class=\"media-text-anim-right-layer\"><\/div>\n\t\t\t\t<img decoding=\"async\" src=\"https:\/\/www-qua.iseg.ulisboa.pt\/careers\/wp-content\/uploads\/sites\/19\/2025\/09\/54133248524_3d176995d6_o-2.jpg\" class=\"image-cover\" alt=\"\" srcset=\"https:\/\/www-qua.iseg.ulisboa.pt\/careers\/wp-content\/uploads\/sites\/19\/2025\/09\/54133248524_3d176995d6_o-2.jpg 3000w, https:\/\/www-qua.iseg.ulisboa.pt\/careers\/wp-content\/uploads\/sites\/19\/2025\/09\/54133248524_3d176995d6_o-2-300x200.jpg 300w, https:\/\/www-qua.iseg.ulisboa.pt\/careers\/wp-content\/uploads\/sites\/19\/2025\/09\/54133248524_3d176995d6_o-2-1536x1024.jpg 1536w, https:\/\/www-qua.iseg.ulisboa.pt\/careers\/wp-content\/uploads\/sites\/19\/2025\/09\/54133248524_3d176995d6_o-2-2048x1365.jpg 2048w, https:\/\/www-qua.iseg.ulisboa.pt\/careers\/wp-content\/uploads\/sites\/19\/2025\/09\/54133248524_3d176995d6_o-2-18x12.jpg 18w\" sizes=\"(max-width: 3000px) 100vw, 3000px\" \/>\t\t\t<\/figure>\n\t\t\t<div class=\"block-media-text__content\">\n\t\t\t\t<h2 class=\"block-media-text__heading\">Recrutar no ISEG<\/h2>\n\t\t\t\t<p class=\"block-media-text__paragraph\">O ISEG Careers Services est\u00e1 empenhado em trabalhar com os empregadores para apoiar as necessidades de recrutamento de organiza\u00e7\u00f5es locais, nacionais e internacionais.<\/p>\n\t\t\t\t\t\t\t\t\t<a href=\"https:\/\/www-qua.iseg.ulisboa.pt\/careers\/empresas\/\" class=\"link-learnmore\" title=\"Empresas\" target=\"_self\">\n\t\t\t\t\t\tEmpresas\t\t\t\t\t<\/a>\n\t\t\t\t\t\t\t<\/div>\n\t\t<\/div>\n\t<\/div>\n<\/div>\n\n\n<div class=\"block-hero\">\n\t<div class=\"block-hero-content has-overlay\">\n\t\t<div class=\"container\">\n\t\t\t<div class=\"hero-subtitle\"><\/div>\n\t\t\t<h1 class=\"hero-title\"><\/h1>\n\t\t\t<div class=\"hero-description\"><\/div>\n\t\t\t\t\t<\/div>\n\t\t\t<\/div>\n\n\t\t\t<div data-poster-url=\"https:\/\/www-qua.iseg.ulisboa.pt\/careers\/wp-content\/uploads\/sites\/19\/2023\/03\/Career-Services-Video.png\" data-video-urls=\"https:\/\/www-qua.iseg.ulisboa.pt\/careers\/wp-content\/uploads\/sites\/19\/2023\/03\/Career-Services.mp4\" data-autoplay=\"true\" data-loop=\"true\" data-wf-ignore=\"true\" class=\"block-hero-video w-background-video w-background-video-atom\">\n\t\t\t<video autoplay=\"\" loop=\"\" style=\"background-image: url('https:\/\/www-qua.iseg.ulisboa.pt\/careers\/wp-content\/uploads\/sites\/19\/2023\/03\/Career-Services-Video.png')\" muted=\"\" playsinline=\"\" data-wf-ignore=\"true\" data-object-fit=\"cover\">\n\t\t\t\t<source src=\"https:\/\/www-qua.iseg.ulisboa.pt\/careers\/wp-content\/uploads\/sites\/19\/2023\/03\/Career-Services.mp4\" data-wf-ignore=\"true\" \/>\n\t\t\t<\/video>\n\t\t<\/div>\t\t\n\t\n\t\n<\/div>\n\n\n\n<div class=\"block-featured-news\">\n\t<div class=\"container\">\n\t\t<div class=\"block-header\">\n\t\t\t<h2 class=\"has-iseg-red-color\">Not\u00edcias<\/h2>\n\t\t\t\t\t\t\t<a href=\"https:\/\/iseg.ulisboa.pt\/noticias\/?topic=carreiras\" class=\"link-learnmore\" title=\"Ver todas\" target=\"_self\">\n\t\t\t\t\tVer todas\t\t\t\t<\/a>\n\t\t\t\t\t<\/div>\n\t\t<div class=\"block-3-articles\">\n\t\t\t\n\t\t\t\t<div class=\"news-card\">\n\t<a href=\"https:\/\/www-qua.iseg.ulisboa.pt\/2025\/10\/iseg-career-forum-2025-candidata-te-ao-programa-de-embaixadores\/\" class=\"news-card__image\">\n\t\t<img decoding=\"async\" src=\"https:\/\/www-qua.iseg.ulisboa.pt\/careers\/wp-content\/uploads\/Ambassadors_Programme25_Noticia.png\" class=\"image-cover wp-post-image\" alt=\"\" srcset=\"https:\/\/www-qua.iseg.ulisboa.pt\/careers\/wp-content\/uploads\/Ambassadors_Programme25_Noticia.png 1200w, https:\/\/www-qua.iseg.ulisboa.pt\/careers\/wp-content\/uploads\/Ambassadors_Programme25_Noticia-300x158.png 300w, https:\/\/www-qua.iseg.ulisboa.pt\/careers\/wp-content\/uploads\/Ambassadors_Programme25_Noticia-18x9.png 18w\" sizes=\"(max-width: 1200px) 100vw, 1200px\" \/>\t<\/a>\n\t<div class=\"news-card__type\">Carreiras<\/div>\n\t<a href=\"https:\/\/www-qua.iseg.ulisboa.pt\/2025\/10\/iseg-career-forum-2025-candidata-te-ao-programa-de-embaixadores\/\" class=\"news-card__title\">ISEG Career Forum 2025 | Candidata-te ao Programa de Embaixadores!<\/a>\n\t<div class=\"post-date\">22-10-2025<\/div>\n<\/div>\t\t\t\t\n\t\t\t\t\t\t\t\n\t\t\t\t<div class=\"news-card\">\n\t<a href=\"https:\/\/www-qua.iseg.ulisboa.pt\/2025\/01\/programa-de-mentoring-iseg-alumni-economicas\/\" class=\"news-card__image\">\n\t\t<img decoding=\"async\" src=\"https:\/\/www-qua.iseg.ulisboa.pt\/careers\/wp-content\/uploads\/Programa_Mentoring_2025_Metatag.png\" class=\"image-cover wp-post-image\" alt=\"\" srcset=\"https:\/\/www-qua.iseg.ulisboa.pt\/careers\/wp-content\/uploads\/Programa_Mentoring_2025_Metatag.png 1200w, https:\/\/www-qua.iseg.ulisboa.pt\/careers\/wp-content\/uploads\/Programa_Mentoring_2025_Metatag-300x200.png 300w, https:\/\/www-qua.iseg.ulisboa.pt\/careers\/wp-content\/uploads\/Programa_Mentoring_2025_Metatag-18x12.png 18w\" sizes=\"(max-width: 1200px) 100vw, 1200px\" \/>\t<\/a>\n\t<div class=\"news-card__type\">Outras<\/div>\n\t<a href=\"https:\/\/www-qua.iseg.ulisboa.pt\/2025\/01\/programa-de-mentoring-iseg-alumni-economicas\/\" class=\"news-card__title\">ISEG Alumni Econ\u00f3micas | Programa de Mentoring 2025<\/a>\n\t<div class=\"post-date\">22-01-2025<\/div>\n<\/div>\t\t\t\t\n\t\t\t\t\t\t\t\n\t\t\t\t<div class=\"news-card\">\n\t<a href=\"https:\/\/www-qua.iseg.ulisboa.pt\/2024\/11\/fmi-visita-iseg-para-apresentacao-de-oportunidades-de-carreira\/\" class=\"news-card__image\">\n\t\t<img decoding=\"async\" src=\"https:\/\/www-qua.iseg.ulisboa.pt\/careers\/wp-content\/uploads\/IMF_Noticias.png\" class=\"image-cover wp-post-image\" alt=\"\" srcset=\"https:\/\/www-qua.iseg.ulisboa.pt\/careers\/wp-content\/uploads\/IMF_Noticias.png 5001w, https:\/\/www-qua.iseg.ulisboa.pt\/careers\/wp-content\/uploads\/IMF_Noticias-300x158.png 300w, https:\/\/www-qua.iseg.ulisboa.pt\/careers\/wp-content\/uploads\/IMF_Noticias-1536x807.png 1536w, https:\/\/www-qua.iseg.ulisboa.pt\/careers\/wp-content\/uploads\/IMF_Noticias-2048x1075.png 2048w, https:\/\/www-qua.iseg.ulisboa.pt\/careers\/wp-content\/uploads\/IMF_Noticias-18x9.png 18w\" sizes=\"(max-width: 5001px) 100vw, 5001px\" \/>\t<\/a>\n\t<div class=\"news-card__type\">Carreiras<\/div>\n\t<a href=\"https:\/\/www-qua.iseg.ulisboa.pt\/2024\/11\/fmi-visita-iseg-para-apresentacao-de-oportunidades-de-carreira\/\" class=\"news-card__title\">FMI visita ISEG para apresenta\u00e7\u00e3o de oportunidades de carreira<\/a>\n\t<div class=\"post-date\">26-11-2024<\/div>\n<\/div>\t\t\t\t\n\t\t\t\t\t\t\t\t\n\t\t<\/div>\n\t<\/div>\n<\/div>","protected":false},"excerpt":{"rendered":"","protected":false},"author":5,"featured_media":0,"parent":0,"menu_order":4,"comment_status":"closed","ping_status":"closed","template":"tpl-page-blocks.php","meta":{"inline_featured_image":false,"_uag_custom_page_level_css":"","footnotes":""},"acf":[],"uagb_featured_image_src":{"full":false,"thumbnail":false,"medium":false,"medium_large":false,"large":false,"1536x1536":false,"2048x2048":false,"trp-custom-language-flag":false},"uagb_author_info":{"display_name":"diogoalmeida","author_link":"https:\/\/www-qua.iseg.ulisboa.pt\/careers\/author\/diogoalmeida\/"},"uagb_comment_info":0,"uagb_excerpt":null,"_links":{"self":[{"href":"https:\/\/www-qua.iseg.ulisboa.pt\/careers\/wp-json\/wp\/v2\/pages\/43"}],"collection":[{"href":"https:\/\/www-qua.iseg.ulisboa.pt\/careers\/wp-json\/wp\/v2\/pages"}],"about":[{"href":"https:\/\/www-qua.iseg.ulisboa.pt\/careers\/wp-json\/wp\/v2\/types\/page"}],"author":[{"embeddable":true,"href":"https:\/\/www-qua.iseg.ulisboa.pt\/careers\/wp-json\/wp\/v2\/users\/5"}],"replies":[{"embeddable":true,"href":"https:\/\/www-qua.iseg.ulisboa.pt\/careers\/wp-json\/wp\/v2\/comments?post=43"}],"version-history":[{"count":30,"href":"https:\/\/www-qua.iseg.ulisboa.pt\/careers\/wp-json\/wp\/v2\/pages\/43\/revisions"}],"predecessor-version":[{"id":596,"href":"https:\/\/www-qua.iseg.ulisboa.pt\/careers\/wp-json\/wp\/v2\/pages\/43\/revisions\/596"}],"wp:attachment":[{"href":"https:\/\/www-qua.iseg.ulisboa.pt\/careers\/wp-json\/wp\/v2\/media?parent=43"}],"curies":[{"name":"wp","href":"https:\/\/api.w.org\/{rel}","templated":true}]}}