{"id":12,"date":"2023-02-18T15:29:57","date_gmt":"2023-02-18T15:29:57","guid":{"rendered":"https:\/\/www-qua.iseg.ulisboa.pt\/dsi\/?page_id=12"},"modified":"2023-04-16T00:13:29","modified_gmt":"2023-04-16T00:13:29","slug":"conta-de-acesso","status":"publish","type":"page","link":"https:\/\/www-qua.iseg.ulisboa.pt\/dsi\/servicos\/conta-de-acesso\/","title":{"rendered":"Conta de Acesso"},"content":{"rendered":"\n<p class=\"has-large-font-size\">Enquanto estudante, docente, investigador ou funcion\u00e1rio do ISEG tem direito a uma conta que lhe dar\u00e1 acesso ao Sistema Inform\u00e1tico do ISEG.<\/p>\n\n\n\n<p>Esse acesso, \u00e9 efetuado atrav\u00e9s de credenciais (username e password) fornecidas pela DSI, no acto de inscri\u00e7\u00e3o, no caso dos estudantes, ou do in\u00edcio das fun\u00e7\u00f5es, para restantes casos.<\/p>\n\n\n\n<p>No ato de fornecimento das credenciais de acesso, \u00e9 disponibilizado ao utilizador os regulamentos aplic\u00e1veis (e.g. <a href=\"https:\/\/www-qua.iseg.ulisboa.pt\/aquila\/getFile.do?method=getFile&amp;fileId=866861&amp;_request_checksum_=e66af5586c9b32cfcdc339c501f910de7ab2542a\">Regulamento Utiliza\u00e7\u00e3o das Salas de Inform\u00e1tica<\/a>) que dever\u00e1 ser cumprido, sob pena de cessa\u00e7\u00e3o imediata do acesso a todos os recursos disponibilizados.<\/p>\n\n\n\n<p>Os docentes, investigadores e funcion\u00e1rios poder\u00e3o aceder ao Sistema Inform\u00e1tico nos equipamentos atribu\u00eddos nos seus gabinetes ou locais de trabalho.<\/p>\n\n\n\n<p>Esta conta&nbsp;permite&nbsp;o acesso aos v\u00e1rios servi\u00e7os que constituem o Sistema inform\u00e1tico do ISEG:<\/p>\n\n\n\n<p><\/p>\n\n\n\n<ul>\n<li>Servi\u00e7os M365 (Email, Office, Teams e Onedrive (1.2))<\/li>\n\n\n\n<li><span style=\"color: initial\">Acesso \u00e0 rede wireless (eduroam)<\/span><\/li>\n\n\n\n<li><span style=\"color: initial\">Servi\u00e7os de impress\u00e3o<\/span><\/li>\n\n\n\n<li>Salas de aula e de inform\u00e1tica<\/li>\n\n\n\n<li>Sistemas de gest\u00e3o acad\u00e9mica (F\u00e9nix)<\/li>\n<\/ul>\n","protected":false},"excerpt":{"rendered":"Enquanto estudante, docente, investigador ou funcion\u00e1rio do ISEG tem direito a uma conta que lhe dar\u00e1 acesso ao Sistema Inform\u00e1tico do ISEG. Esse acesso, \u00e9 efetuado atrav\u00e9s de credenciais (username&nbsp;[&#8230;]","protected":false},"author":2,"featured_media":0,"parent":10,"menu_order":0,"comment_status":"closed","ping_status":"closed","template":"","meta":{"inline_featured_image":false,"_uag_custom_page_level_css":"","footnotes":""},"acf":[],"uagb_featured_image_src":{"full":false,"thumbnail":false,"medium":false,"medium_large":false,"large":false,"1536x1536":false,"2048x2048":false,"trp-custom-language-flag":false},"uagb_author_info":{"display_name":"Major","author_link":"https:\/\/www-qua.iseg.ulisboa.pt\/dsi\/author\/leihla\/"},"uagb_comment_info":0,"uagb_excerpt":"Enquanto estudante, docente, investigador ou funcion\u00e1rio do ISEG tem direito a uma conta que lhe dar\u00e1 acesso ao Sistema Inform\u00e1tico do ISEG. Esse acesso, \u00e9 efetuado atrav\u00e9s de credenciais (username&nbsp;[...]","_links":{"self":[{"href":"https:\/\/www-qua.iseg.ulisboa.pt\/dsi\/wp-json\/wp\/v2\/pages\/12"}],"collection":[{"href":"https:\/\/www-qua.iseg.ulisboa.pt\/dsi\/wp-json\/wp\/v2\/pages"}],"about":[{"href":"https:\/\/www-qua.iseg.ulisboa.pt\/dsi\/wp-json\/wp\/v2\/types\/page"}],"author":[{"embeddable":true,"href":"https:\/\/www-qua.iseg.ulisboa.pt\/dsi\/wp-json\/wp\/v2\/users\/2"}],"replies":[{"embeddable":true,"href":"https:\/\/www-qua.iseg.ulisboa.pt\/dsi\/wp-json\/wp\/v2\/comments?post=12"}],"version-history":[{"count":3,"href":"https:\/\/www-qua.iseg.ulisboa.pt\/dsi\/wp-json\/wp\/v2\/pages\/12\/revisions"}],"predecessor-version":[{"id":151,"href":"https:\/\/www-qua.iseg.ulisboa.pt\/dsi\/wp-json\/wp\/v2\/pages\/12\/revisions\/151"}],"up":[{"embeddable":true,"href":"https:\/\/www-qua.iseg.ulisboa.pt\/dsi\/wp-json\/wp\/v2\/pages\/10"}],"wp:attachment":[{"href":"https:\/\/www-qua.iseg.ulisboa.pt\/dsi\/wp-json\/wp\/v2\/media?parent=12"}],"curies":[{"name":"wp","href":"https:\/\/api.w.org\/{rel}","templated":true}]}}