{"id":14,"date":"2023-02-18T15:36:16","date_gmt":"2023-02-18T15:36:16","guid":{"rendered":"https:\/\/www-qua.iseg.ulisboa.pt\/dsi\/?page_id=14"},"modified":"2024-01-25T15:42:12","modified_gmt":"2024-01-25T15:42:12","slug":"rede-eduroam","status":"publish","type":"page","link":"https:\/\/www-qua.iseg.ulisboa.pt\/dsi\/rede-eduroam\/","title":{"rendered":"Rede Eduroam"},"content":{"rendered":"\n<p class=\"has-large-font-size\">O ISEG encontra-se ligado \u00e0 rede mundial <em>Eduroam<\/em>.<\/p>\n\n\n\n<p>A rede Eduroam (Education Roaming) tem por objetivo disponibilizar \u00e0 comunidade acad\u00e9mica um servi\u00e7o de mobilidade, entre as institui\u00e7\u00f5es participantes. A rede eduroam encontra-se atualmente dispon\u00edvel em 70 pa\u00edses. Para mais informa\u00e7\u00f5es consulte a <a rel=\"noreferrer noopener\" href=\"http:\/\/www.eduroam.pt\" target=\"_blank\">eduroam em Portugal<\/a> ou <a rel=\"noreferrer noopener\" href=\"http:\/\/www.eduroam.org\" target=\"_blank\">eduroam Internacional<\/a>.<\/p>\n\n\n\n<p>Na maioria dos casos, os equipamentos detectam e configuram automaticamente a rede wireless Eduroam do ISEG, sendo necess\u00e1rio apenas introduzir o username e respectiva password fornecidos pela sua institui\u00e7\u00e3o de ensino ou institui\u00e7\u00e3o participante:<\/p>\n\n\n\n<p><em><strong>username: lxxxxx@iseg.ulisboa.pt<\/strong><\/em><\/p>\n\n\n\n<p><em><strong>password: ************<\/strong><\/em><\/p>\n\n\n\n<p>Exemplo de autentica\u00e7\u00e3o para os alunos do ISEG.<\/p>\n\n\n\n<p>Nos restantes casos, poder\u00e1 consultar os manuais de configura\u00e7\u00e3o na sec\u00e7\u00e3o das <a href=\"https:\/\/www-qua.iseg.ulisboa.pt\/dsi\/documentacao\/\">publica\u00e7\u00f5es<\/a> desta p\u00e1gina.<\/p>\n\n\n\n<p>NOTA: Poder\u00e1 ainda aceder \u00e0 rede wireless Eduroam atrav\u00e9s de um sponsor (veja o manual na&nbsp;sec\u00e7\u00e3o das publica\u00e7\u00f5es &#8211; ISEG Guests).<\/p>\n","protected":false},"excerpt":{"rendered":"O ISEG encontra-se ligado \u00e0 rede mundial Eduroam. A rede Eduroam (Education Roaming) tem por objetivo disponibilizar \u00e0 comunidade acad\u00e9mica um servi\u00e7o de mobilidade, entre as institui\u00e7\u00f5es participantes. A rede&nbsp;[&#8230;]","protected":false},"author":2,"featured_media":0,"parent":10,"menu_order":0,"comment_status":"closed","ping_status":"closed","template":"","meta":{"inline_featured_image":false,"_uag_custom_page_level_css":"","footnotes":""},"acf":[],"uagb_featured_image_src":{"full":false,"thumbnail":false,"medium":false,"medium_large":false,"large":false,"1536x1536":false,"2048x2048":false,"trp-custom-language-flag":false},"uagb_author_info":{"display_name":"Major","author_link":"https:\/\/www-qua.iseg.ulisboa.pt\/dsi\/author\/leihla\/"},"uagb_comment_info":0,"uagb_excerpt":"O ISEG encontra-se ligado \u00e0 rede mundial Eduroam. A rede Eduroam (Education Roaming) tem por objetivo disponibilizar \u00e0 comunidade acad\u00e9mica um servi\u00e7o de mobilidade, entre as institui\u00e7\u00f5es participantes. A rede&nbsp;[...]","_links":{"self":[{"href":"https:\/\/www-qua.iseg.ulisboa.pt\/dsi\/wp-json\/wp\/v2\/pages\/14"}],"collection":[{"href":"https:\/\/www-qua.iseg.ulisboa.pt\/dsi\/wp-json\/wp\/v2\/pages"}],"about":[{"href":"https:\/\/www-qua.iseg.ulisboa.pt\/dsi\/wp-json\/wp\/v2\/types\/page"}],"author":[{"embeddable":true,"href":"https:\/\/www-qua.iseg.ulisboa.pt\/dsi\/wp-json\/wp\/v2\/users\/2"}],"replies":[{"embeddable":true,"href":"https:\/\/www-qua.iseg.ulisboa.pt\/dsi\/wp-json\/wp\/v2\/comments?post=14"}],"version-history":[{"count":5,"href":"https:\/\/www-qua.iseg.ulisboa.pt\/dsi\/wp-json\/wp\/v2\/pages\/14\/revisions"}],"predecessor-version":[{"id":257,"href":"https:\/\/www-qua.iseg.ulisboa.pt\/dsi\/wp-json\/wp\/v2\/pages\/14\/revisions\/257"}],"up":[{"embeddable":true,"href":"https:\/\/www-qua.iseg.ulisboa.pt\/dsi\/wp-json\/wp\/v2\/pages\/10"}],"wp:attachment":[{"href":"https:\/\/www-qua.iseg.ulisboa.pt\/dsi\/wp-json\/wp\/v2\/media?parent=14"}],"curies":[{"name":"wp","href":"https:\/\/api.w.org\/{rel}","templated":true}]}}