{"id":165,"date":"2023-04-16T00:27:34","date_gmt":"2023-04-16T00:27:34","guid":{"rendered":"https:\/\/www-qua.iseg.ulisboa.pt\/dsi\/?page_id=165"},"modified":"2023-04-16T00:31:06","modified_gmt":"2023-04-16T00:31:06","slug":"salas-de-aula-e-de-informatica","status":"publish","type":"page","link":"https:\/\/www-qua.iseg.ulisboa.pt\/dsi\/servicos\/salas-de-aula-e-de-informatica\/","title":{"rendered":"Salas de aula e de Inform\u00e1tica"},"content":{"rendered":"\n<p>O ISEG disponibiliza aos seus alunos acesso aos computadores existentes nas salas de aula, salas de inform\u00e1tica e na biblioteca com a acesso a pacotes de software e outros recursos identificados como essenciais pelas equipas docentes para a prossecu\u00e7\u00e3o dos estudos dos nossos alunos. A lista destes recursos est\u00e1 em constante evolu\u00e7\u00e3o, aceitando a DSI sugest\u00f5es de novos recursos a considerar.<\/p>\n\n\n\n<p>A localiza\u00e7\u00e3o, hor\u00e1rio e lota\u00e7\u00e3o das salas de aula e de inform\u00e1tica s\u00e3o os seguintes:<\/p>\n\n\n<div class=\"block-contacts\">\n\t<div class=\"container\">\n\t\t<div class=\"block-header\">\n\t\t\t<h2 class=\"has-iseg-red-color\"><\/h2>\n\t\t<\/div>\n\t\t<div class=\"block-contacts-list\">\n\t\t\t\n\t\t\t\t\t\t<div class=\"contact-card\">\n\t\t<div class=\"contact-card__title\">Sala de Inform\u00e1tica<\/div>\n\t\t\t\t\t\t\t<div>Tel: <a href=\"tel:213922828\" class=\"contact-card__phone\">213 922 828<\/a><\/div>\n\t\t\t\t\t\t\t\t\tDias \u00fateis: das 8h00 \u00e0s 23h00.<br \/>\r\nS\u00e1bados e Domingos: das 10h00 \u00e0s 18h00.<br \/>\r\nFeriados: encerrado.\t\t\t<\/div>\n\t\t\t\n\t\t\t\t\t\t<div class=\"contact-card\">\n\t\t<div class=\"contact-card__title\">Sala de Doutoramento<\/div>\n\t\t\t\t\t\t\t\t\t\t\tDias \u00fateis: das 7h45 \u00e0s 24h00.<br \/>\r\nS\u00e1bados: das 7h45 \u00e0s 14h00.<br \/>\r\nDomingos e Feriados: encerrado.\t\t\t<\/div>\n\t\t\t\t\n\t\t<\/div>\n\t<\/div>\n<\/div>","protected":false},"excerpt":{"rendered":"O ISEG disponibiliza aos seus alunos acesso aos computadores existentes nas salas de aula, salas de inform\u00e1tica e na biblioteca com a acesso a pacotes de software e outros recursos&nbsp;[&#8230;]","protected":false},"author":5,"featured_media":0,"parent":10,"menu_order":0,"comment_status":"closed","ping_status":"closed","template":"","meta":{"inline_featured_image":false,"_uag_custom_page_level_css":"","footnotes":""},"acf":[],"uagb_featured_image_src":{"full":false,"thumbnail":false,"medium":false,"medium_large":false,"large":false,"1536x1536":false,"2048x2048":false,"trp-custom-language-flag":false},"uagb_author_info":{"display_name":"diogoalmeida","author_link":"https:\/\/www-qua.iseg.ulisboa.pt\/dsi\/author\/diogoalmeida\/"},"uagb_comment_info":0,"uagb_excerpt":"O ISEG disponibiliza aos seus alunos acesso aos computadores existentes nas salas de aula, salas de inform\u00e1tica e na biblioteca com a acesso a pacotes de software e outros recursos&nbsp;[...]","_links":{"self":[{"href":"https:\/\/www-qua.iseg.ulisboa.pt\/dsi\/wp-json\/wp\/v2\/pages\/165"}],"collection":[{"href":"https:\/\/www-qua.iseg.ulisboa.pt\/dsi\/wp-json\/wp\/v2\/pages"}],"about":[{"href":"https:\/\/www-qua.iseg.ulisboa.pt\/dsi\/wp-json\/wp\/v2\/types\/page"}],"author":[{"embeddable":true,"href":"https:\/\/www-qua.iseg.ulisboa.pt\/dsi\/wp-json\/wp\/v2\/users\/5"}],"replies":[{"embeddable":true,"href":"https:\/\/www-qua.iseg.ulisboa.pt\/dsi\/wp-json\/wp\/v2\/comments?post=165"}],"version-history":[{"count":4,"href":"https:\/\/www-qua.iseg.ulisboa.pt\/dsi\/wp-json\/wp\/v2\/pages\/165\/revisions"}],"predecessor-version":[{"id":169,"href":"https:\/\/www-qua.iseg.ulisboa.pt\/dsi\/wp-json\/wp\/v2\/pages\/165\/revisions\/169"}],"up":[{"embeddable":true,"href":"https:\/\/www-qua.iseg.ulisboa.pt\/dsi\/wp-json\/wp\/v2\/pages\/10"}],"wp:attachment":[{"href":"https:\/\/www-qua.iseg.ulisboa.pt\/dsi\/wp-json\/wp\/v2\/media?parent=165"}],"curies":[{"name":"wp","href":"https:\/\/api.w.org\/{rel}","templated":true}]}}