{"id":345,"date":"2023-02-16T15:11:04","date_gmt":"2023-02-16T15:11:04","guid":{"rendered":"https:\/\/www-qua.iseg.ulisboa.pt\/internacional\/?page_id=345"},"modified":"2025-07-30T10:33:14","modified_gmt":"2025-07-30T10:33:14","slug":"sobre","status":"publish","type":"page","link":"https:\/\/www-qua.iseg.ulisboa.pt\/internacional\/sobre\/","title":{"rendered":"Sobre"},"content":{"rendered":"\n<section class=\"block-hero-full-width course-hero wf-section\">\n        <div class=\"course-hero__name\">\n            <h1 class=\"course-hero__heading has-iseg-white-color\"><span class=\"course-hero__heading-span\">Sobre<\/span><\/h1>\n    <\/div>\n            <div class=\"course-hero__backdrop has-iseg-dark-grey-background\"><\/div>\n    \n    <div class=\"course-hero__image\">\n    <img decoding=\"async\" src=\"https:\/\/www-qua.iseg.ulisboa.pt\/internacional\/wp-content\/uploads\/sites\/10\/2023\/02\/hero-sobre.jpg\" class=\"image-cover\" alt=\"\" srcset=\"https:\/\/www-qua.iseg.ulisboa.pt\/internacional\/wp-content\/uploads\/sites\/10\/2023\/02\/hero-sobre.jpg 1600w, https:\/\/www-qua.iseg.ulisboa.pt\/internacional\/wp-content\/uploads\/sites\/10\/2023\/02\/hero-sobre-300x150.jpg 300w, https:\/\/www-qua.iseg.ulisboa.pt\/internacional\/wp-content\/uploads\/sites\/10\/2023\/02\/hero-sobre-1536x768.jpg 1536w\" sizes=\"(max-width: 1600px) 100vw, 1600px\" \/>    <\/div>\n<\/section>\n\n<div class=\"block-intro-text has-iseg-white-color has-iseg-red-background\">\n\t<div class=\"intro-text\">O Gabinete Internacional de Mobilidade apoia os estudantes em todas as fases do seu interc\u00e2mbio (sele\u00e7\u00e3o, candidatura, orienta\u00e7\u00e3o, valida\u00e7\u00e3o), dando as garantias essenciais para que este seja bem sucedido e reconhecido pelo ISEG.<\/div>\n\t<div class=\"intro-text-anim-left-layer\"><\/div>\n\t<div class=\"intro-text-anim-right-layer\"><\/div>\n<\/div>\n\n\n\n<div style=\"height:100px\" aria-hidden=\"true\" class=\"wp-block-spacer\"><\/div>\n\n\n\n<div class=\"wp-block-columns is-layout-flex wp-container-core-columns-is-layout-1 wp-block-columns-is-layout-flex\">\n<div class=\"wp-block-column is-layout-flow wp-block-column-is-layout-flow\">\n<section class=\"w-full mb-20\">\n    <div class=\"@container\">\n                    <h2 class=\"block-key-contacts__heading has-iseg-red-color\">Contatos<\/h2>\n                <div class=\"grid grid-cols-1 @4xl:grid-cols-4 @2xl:grid-cols-3 gap-4\">\n                            <div class=\"bg-neutral-50 py-4 px-4 font-medium text-black\">\n                    <img decoding=\"async\" src=\"https:\/\/www-qua.iseg.ulisboa.pt\/internacional\/wp-content\/themes\/iseg\/assets\/images\/location.svg\" alt=\"Location\">\n                    <h3 class=\"mt-4 mb-2 font-bold !text-xl\">\n                        Address                    <\/h3>\n                    Edif\u00edcio Francesinhas 1<br \/>\r\nPiso 0<br \/>\r\nRua das Francesinhas<br \/>\r\n1200-675 Lisboa                <\/div>\n                                        <div class=\"bg-neutral-50 py-4 px-4 font-medium text-black\">\n                    <img decoding=\"async\" src=\"https:\/\/www-qua.iseg.ulisboa.pt\/internacional\/wp-content\/themes\/iseg\/assets\/images\/email.svg\" alt=\"Email\">\n                    <h3 class=\"mt-4 mb-2 font-bold !text-xl\">\n                        Email                    <\/h3>\n                                            <a href=\"mailto:imo@iseg.ulisboa.pt\" class=\"block break-all\">\n                            imo@iseg.ulisboa.pt                        <\/a>\n                                    <\/div>\n                                        <div class=\"bg-neutral-50 py-4 px-4 font-medium text-black\">\n                    <img decoding=\"async\" src=\"https:\/\/www-qua.iseg.ulisboa.pt\/internacional\/wp-content\/themes\/iseg\/assets\/images\/phone.svg\" alt=\"Phone\">\n                    <h3 class=\"mt-4 mb-2 font-bold !text-xl\">\n                        Telephone                    <\/h3>\n                                            <a href=\"telto:(+351) 213 922 737\" class=\"block break-all\">(+351) 213 922 737<\/a>\n                                    <\/div>\n                                        <div class=\"bg-neutral-50 py-4 px-4 font-medium text-black\">\n                    <img decoding=\"async\" src=\"https:\/\/www-qua.iseg.ulisboa.pt\/internacional\/wp-content\/themes\/iseg\/assets\/images\/clock.svg\" alt=\"Clock\">\n                    <h3 class=\"mt-4 mb-2 font-bold !text-xl\">\n                        Opening Hours                    <\/h3>\n                    Atendimento presencial<br \/>\r\n2\u00aa a 6\u00aa feira<br \/>\r\n10h \u00e0s 12h<br \/>\r\n14h \u00e0s 16h *<br \/>\r\n<br \/>\r\nAtendimento telef\u00f3nico<br \/>\r\n2\u00aa a 6\u00aa feira<br \/>\r\n14h \u00e0s 16h<br \/>\r\n                <\/div>\n                    <\/div>\n    <\/div>\n<\/section><\/div>\n<\/div>\n\n\n\n<div class=\"wp-block-columns is-layout-flex wp-container-core-columns-is-layout-2 wp-block-columns-is-layout-flex\">\n<div class=\"wp-block-column is-layout-flow wp-block-column-is-layout-flow\">\n<p><sup>*Atendimento presencial sujeito a agendamento: <br>Agendamento via email (<a href=\"mailto:seclic@iseg.ulisboa.pt\" target=\"_blank\" rel=\"noreferrer noopener\">imo@iseg.ulisboa.pt<\/a>), com 24 horas de anteced\u00eancia e sujeito a disponibilidade de agenda, devendo indicar o motivo, a prefer\u00eancia da data e hora e no assunto colocar \u201cAgendamento de atendimento presencial\u201d.<\/sup><\/p>\n<\/div>\n\n\n\n<div class=\"wp-block-column is-layout-flow wp-block-column-is-layout-flow\">\n<p><sup>Hor\u00e1rio de Agosto:<\/sup><\/p>\n\n\n\n<p><sup>11a 22 de agosto &#8211; encerrado<\/sup><\/p>\n<\/div>\n<\/div>\n","protected":false},"excerpt":{"rendered":"*Atendimento presencial sujeito a agendamento: Agendamento via email (imo@iseg.ulisboa.pt), com 24 horas de anteced\u00eancia e sujeito a disponibilidade de agenda, devendo indicar o motivo, a prefer\u00eancia da data e hora&nbsp;[&#8230;]","protected":false},"author":2,"featured_media":0,"parent":0,"menu_order":10,"comment_status":"closed","ping_status":"closed","template":"tpl-page-blocks.php","meta":{"inline_featured_image":false,"_uag_custom_page_level_css":"","footnotes":""},"acf":[],"uagb_featured_image_src":{"full":false,"thumbnail":false,"medium":false,"medium_large":false,"large":false,"1536x1536":false,"2048x2048":false,"trp-custom-language-flag":false},"uagb_author_info":{"display_name":"Major","author_link":"https:\/\/www-qua.iseg.ulisboa.pt\/internacional\/author\/leihla\/"},"uagb_comment_info":0,"uagb_excerpt":"*Atendimento presencial sujeito a agendamento: Agendamento via email (imo@iseg.ulisboa.pt), com 24 horas de anteced\u00eancia e sujeito a disponibilidade de agenda, devendo indicar o motivo, a prefer\u00eancia da data e hora&nbsp;[...]","_links":{"self":[{"href":"https:\/\/www-qua.iseg.ulisboa.pt\/internacional\/wp-json\/wp\/v2\/pages\/345"}],"collection":[{"href":"https:\/\/www-qua.iseg.ulisboa.pt\/internacional\/wp-json\/wp\/v2\/pages"}],"about":[{"href":"https:\/\/www-qua.iseg.ulisboa.pt\/internacional\/wp-json\/wp\/v2\/types\/page"}],"author":[{"embeddable":true,"href":"https:\/\/www-qua.iseg.ulisboa.pt\/internacional\/wp-json\/wp\/v2\/users\/2"}],"replies":[{"embeddable":true,"href":"https:\/\/www-qua.iseg.ulisboa.pt\/internacional\/wp-json\/wp\/v2\/comments?post=345"}],"version-history":[{"count":30,"href":"https:\/\/www-qua.iseg.ulisboa.pt\/internacional\/wp-json\/wp\/v2\/pages\/345\/revisions"}],"predecessor-version":[{"id":3378,"href":"https:\/\/www-qua.iseg.ulisboa.pt\/internacional\/wp-json\/wp\/v2\/pages\/345\/revisions\/3378"}],"wp:attachment":[{"href":"https:\/\/www-qua.iseg.ulisboa.pt\/internacional\/wp-json\/wp\/v2\/media?parent=345"}],"curies":[{"name":"wp","href":"https:\/\/api.w.org\/{rel}","templated":true}]}}